{"id":938,"date":"2024-09-18T14:33:54","date_gmt":"2024-09-18T12:33:54","guid":{"rendered":"http:\/\/wp.franksteiner.de\/?post_type=product&#038;p=938"},"modified":"2024-10-02T11:38:21","modified_gmt":"2024-10-02T09:38:21","slug":"i-ging-symphony","status":"publish","type":"product","link":"https:\/\/franksteiner.de\/en\/product\/i-ging-symphony\/","title":{"rendered":"I-Ging-Symphony"},"content":{"rendered":"<div><span style=\"font-size: 14px;\">Das erste Meisterwerk vom Komponisten und Arrangeur <strong>Frank Steiner<\/strong>. Diese instrumentale Musik der Sonderklasse ist ein Bestseller in den USA.<\/span><\/div>\n<div><span style=\"font-size: 14px;\">Musik zum ber\u00fchmten Buch der Wandlungen: Frank Steiner hat (zusammen mit Produzent <strong>Ulrich Gitschier<\/strong>) mit dieser CD ein k\u00fcnstlerisch hochgelobtes Werk geschaffen. Doch nicht nur die symphonischen Klangwelten \u00fcberzeugen, sondern auch die Art und Weise, wie sich der Komponist und Multi-Instrumentalist auf das Thema musikalisch-inhaltlich eingelassen hat. Die archetypischen Bilder von Himmel, Erde, Donner, Wind, Feuer, Wasser, See und Berg sind mit einem enormen Aufwand an Klangerzeugern sehr nuanciert und packend dargestellt. I-Ging Symphony ist ein Klassiker der New-Age-Musik.<\/span><\/div>\n<p><iframe src=\"https:\/\/w.soundcloud.com\/player\/?url=https%3A\/\/api.soundcloud.com\/playlists\/75965636&amp;color=ff5500&amp;auto_play=true&amp;hide_related=false&amp;show_comments=true&amp;show_user=true&amp;show_reposts=false\" width=\"100%\" height=\"450\" frameborder=\"no\" scrolling=\"no\"><\/iframe><\/p>","protected":false},"excerpt":{"rendered":"<p>Das erste Meisterwerk vom Komponisten und Arrangeur Frank Steiner. Diese instrumentale Musik der Sonderklasse ist ein Bestseller in den USA. Musik zum ber\u00fchmten Buch der Wandlungen: Frank Steiner hat (zusammen mit Produzent Ulrich Gitschier) mit dieser CD ein k\u00fcnstlerisch hochgelobtes Werk geschaffen. Doch nicht nur die symphonischen Klangwelten \u00fcberzeugen, sondern auch die Art und Weise, [&hellip;]<\/p>\n","protected":false},"featured_media":939,"comment_status":"open","ping_status":"closed","template":"","meta":[],"product_brand":[],"product_cat":[24],"product_tag":[],"class_list":{"0":"post-938","1":"product","2":"type-product","3":"status-publish","4":"has-post-thumbnail","6":"product_cat-unkategorisiert","8":"first","9":"instock","10":"taxable","11":"shipping-taxable","12":"purchasable","13":"product-type-simple"},"jetpack_sharing_enabled":true,"_links":{"self":[{"href":"https:\/\/franksteiner.de\/en\/wp-json\/wp\/v2\/product\/938","targetHints":{"allow":["GET"]}}],"collection":[{"href":"https:\/\/franksteiner.de\/en\/wp-json\/wp\/v2\/product"}],"about":[{"href":"https:\/\/franksteiner.de\/en\/wp-json\/wp\/v2\/types\/product"}],"replies":[{"embeddable":true,"href":"https:\/\/franksteiner.de\/en\/wp-json\/wp\/v2\/comments?post=938"}],"version-history":[{"count":0,"href":"https:\/\/franksteiner.de\/en\/wp-json\/wp\/v2\/product\/938\/revisions"}],"wp:featuredmedia":[{"embeddable":true,"href":"https:\/\/franksteiner.de\/en\/wp-json\/wp\/v2\/media\/939"}],"wp:attachment":[{"href":"https:\/\/franksteiner.de\/en\/wp-json\/wp\/v2\/media?parent=938"}],"wp:term":[{"taxonomy":"product_brand","embeddable":true,"href":"https:\/\/franksteiner.de\/en\/wp-json\/wp\/v2\/product_brand?post=938"},{"taxonomy":"product_cat","embeddable":true,"href":"https:\/\/franksteiner.de\/en\/wp-json\/wp\/v2\/product_cat?post=938"},{"taxonomy":"product_tag","embeddable":true,"href":"https:\/\/franksteiner.de\/en\/wp-json\/wp\/v2\/product_tag?post=938"}],"curies":[{"name":"wp","href":"https:\/\/api.w.org\/{rel}","templated":true}]}}