{"id":936,"date":"2024-09-18T14:33:52","date_gmt":"2024-09-18T12:33:52","guid":{"rendered":"http:\/\/wp.franksteiner.de\/?post_type=product&#038;p=936"},"modified":"2025-02-27T20:58:03","modified_gmt":"2025-02-27T19:58:03","slug":"calma","status":"publish","type":"product","link":"https:\/\/franksteiner.de\/en\/product\/calma\/","title":{"rendered":"Calma"},"content":{"rendered":"<p><span style=\"font-size: 14px;\">Eine zeitlose Produktion von Panfl\u00f6tenvirtuose <strong>Oscar Javelot<\/strong> und Produzent \/ Keyboarder <strong>Frank Steiner<\/strong>.<\/span><\/p>\n<p><span style=\"font-size: 14px;\">Ein Zusammenpiel von Improvisationen und musikalischen Gedanken aus dem Augenblick geboren.<br \/>\nGesamtspielzeit: 60:50<\/span><\/p>\n<p style=\"text-align: center;\"><strong><span style=\"font-size: 16px;\">Ruhe <\/span><\/strong><\/p>\n<p style=\"text-align: center;\"><strong><span style=\"font-size: 16px;\">&#8211; Die Zeit sein lassen &#8211; <\/span><\/strong><\/p>\n<p style=\"text-align: center;\"><strong><span style=\"font-size: 16px;\">H\u00f6ren und Wahrnehmen &#8211; <\/span><\/strong><\/p>\n<p style=\"text-align: center;\"><strong><span style=\"font-size: 16px;\">Die Kl\u00e4nge der pr\u00e4zisen Einfachheit &#8211; <\/span><\/strong><\/p>\n<p style=\"text-align: center;\"><strong><span style=\"font-size: 16px;\">Sie einlassen in die R\u00e4ume &#8211; <\/span><\/strong><\/p>\n<p style=\"text-align: center;\"><strong><span style=\"font-size: 16px;\">Innen und Au\u00dfen &#8211; <\/span><\/strong><\/p>\n<p style=\"text-align: center;\"><strong><span style=\"font-size: 16px;\">F\u00fchlen \u2013 <\/span><\/strong><\/p>\n<p style=\"text-align: center;\"><strong><span style=\"font-size: 16px;\">Ruhe.<\/span><\/strong><\/p>\n<p style=\"text-align: right;\">Text: Bettina Ankermann<\/p>\n<p><iframe src=\"https:\/\/w.soundcloud.com\/player\/?url=https%3A\/\/api.soundcloud.com\/playlists\/76202016&amp;color=ff5500&amp;auto_play=true&amp;hide_related=false&amp;show_comments=true&amp;show_user=true&amp;show_reposts=false\" width=\"100%\" height=\"450\" frameborder=\"no\" scrolling=\"no\"><\/iframe><\/p>","protected":false},"excerpt":{"rendered":"<p>Eine zeitlose Produktion von Panfl\u00f6tenvirtuose Oscar Javelot und Produzent \/ Keyboarder Frank Steiner. Ein Zusammenpiel von Improvisationen und musikalischen Gedanken aus dem Augenblick geboren. Gesamtspielzeit: 60:50 Ruhe &#8211; Die Zeit sein lassen &#8211; H\u00f6ren und Wahrnehmen &#8211; Die Kl\u00e4nge der pr\u00e4zisen Einfachheit &#8211; Sie einlassen in die R\u00e4ume &#8211; Innen und Au\u00dfen &#8211; F\u00fchlen \u2013 [&hellip;]<\/p>\n","protected":false},"featured_media":937,"comment_status":"open","ping_status":"closed","template":"","meta":[],"product_brand":[],"product_cat":[24],"product_tag":[],"class_list":{"0":"post-936","1":"product","2":"type-product","3":"status-publish","4":"has-post-thumbnail","6":"product_cat-unkategorisiert","8":"first","9":"instock","10":"sale","11":"taxable","12":"shipping-taxable","13":"purchasable","14":"product-type-simple"},"jetpack_sharing_enabled":true,"_links":{"self":[{"href":"https:\/\/franksteiner.de\/en\/wp-json\/wp\/v2\/product\/936","targetHints":{"allow":["GET"]}}],"collection":[{"href":"https:\/\/franksteiner.de\/en\/wp-json\/wp\/v2\/product"}],"about":[{"href":"https:\/\/franksteiner.de\/en\/wp-json\/wp\/v2\/types\/product"}],"replies":[{"embeddable":true,"href":"https:\/\/franksteiner.de\/en\/wp-json\/wp\/v2\/comments?post=936"}],"version-history":[{"count":0,"href":"https:\/\/franksteiner.de\/en\/wp-json\/wp\/v2\/product\/936\/revisions"}],"wp:featuredmedia":[{"embeddable":true,"href":"https:\/\/franksteiner.de\/en\/wp-json\/wp\/v2\/media\/937"}],"wp:attachment":[{"href":"https:\/\/franksteiner.de\/en\/wp-json\/wp\/v2\/media?parent=936"}],"wp:term":[{"taxonomy":"product_brand","embeddable":true,"href":"https:\/\/franksteiner.de\/en\/wp-json\/wp\/v2\/product_brand?post=936"},{"taxonomy":"product_cat","embeddable":true,"href":"https:\/\/franksteiner.de\/en\/wp-json\/wp\/v2\/product_cat?post=936"},{"taxonomy":"product_tag","embeddable":true,"href":"https:\/\/franksteiner.de\/en\/wp-json\/wp\/v2\/product_tag?post=936"}],"curies":[{"name":"wp","href":"https:\/\/api.w.org\/{rel}","templated":true}]}}