{"id":1356,"date":"2024-10-02T09:07:03","date_gmt":"2024-10-02T07:07:03","guid":{"rendered":"http:\/\/franksteiner.de.w020ca19.kasserver.com\/?page_id=1356"},"modified":"2024-10-22T17:29:04","modified_gmt":"2024-10-22T15:29:04","slug":"calma","status":"publish","type":"page","link":"https:\/\/franksteiner.de\/en\/calma\/","title":{"rendered":"calma"},"content":{"rendered":"<div data-elementor-type=\"wp-page\" data-elementor-id=\"1356\" class=\"elementor elementor-1356\" data-elementor-post-type=\"page\">\n\t\t\t\t<div class=\"elementor-element elementor-element-5ac358a e-flex e-con-boxed e-con e-parent\" data-id=\"5ac358a\" data-element_type=\"container\" data-e-type=\"container\" data-settings=\"{&quot;background_background&quot;:&quot;classic&quot;}\">\n\t\t\t\t\t<div class=\"e-con-inner\">\n\t\t\t\t<div class=\"elementor-element elementor-element-86a8ed7 elementor-widget elementor-widget-image\" data-id=\"86a8ed7\" data-element_type=\"widget\" data-e-type=\"widget\" data-widget_type=\"image.default\">\n\t\t\t\t<div class=\"elementor-widget-container\">\n\t\t\t\t\t\t\t\t\t\t\t\t\t\t\t\t<a href=\"#elementor-action%3Aaction%3Dlightbox%26settings%3DeyJ0eXBlIjoidmlkZW8iLCJ2aWRlb1R5cGUiOiJ5b3V0dWJlIiwidXJsIjoiaHR0cHM6XC9cL3d3dy55b3V0dWJlLmNvbVwvZW1iZWRcLzVCZnB3SVdvT0gwP2ZlYXR1cmU9b2VtYmVkIn0%3D\">\n\t\t\t\t\t\t\t<img fetchpriority=\"high\" decoding=\"async\" width=\"600\" height=\"600\" src=\"https:\/\/franksteiner.de\/wp-content\/uploads\/2024\/09\/257619536.jpg\" class=\"attachment-medium_large size-medium_large wp-image-937\" alt=\"\" srcset=\"https:\/\/franksteiner.de\/wp-content\/uploads\/2024\/09\/257619536.jpg 600w, https:\/\/franksteiner.de\/wp-content\/uploads\/2024\/09\/257619536-300x300.jpg 300w, https:\/\/franksteiner.de\/wp-content\/uploads\/2024\/09\/257619536-150x150.jpg 150w, https:\/\/franksteiner.de\/wp-content\/uploads\/2024\/09\/257619536-12x12.jpg 12w, https:\/\/franksteiner.de\/wp-content\/uploads\/2024\/09\/257619536-100x100.jpg 100w\" sizes=\"(max-width: 600px) 100vw, 600px\" title=\"\">\t\t\t\t\t\t\t\t<\/a>\n\t\t\t\t\t\t\t\t\t\t\t\t\t\t\t<\/div>\n\t\t\t\t<\/div>\n\t\t\t\t\t<\/div>\n\t\t\t\t<\/div>\n\t\t<div class=\"elementor-element elementor-element-141e2b6 e-flex e-con-boxed e-con e-parent\" data-id=\"141e2b6\" data-element_type=\"container\" data-e-type=\"container\" data-settings=\"{&quot;background_background&quot;:&quot;classic&quot;}\">\n\t\t\t\t\t<div class=\"e-con-inner\">\n\t\t<div class=\"elementor-element elementor-element-4947c4f e-flex e-con-boxed e-con e-child\" data-id=\"4947c4f\" data-element_type=\"container\" data-e-type=\"container\" data-settings=\"{&quot;background_background&quot;:&quot;classic&quot;}\">\n\t\t\t\t\t<div class=\"e-con-inner\">\n\t\t<div class=\"elementor-element elementor-element-c4a0913 e-flex e-con-boxed e-con e-child\" data-id=\"c4a0913\" data-element_type=\"container\" data-e-type=\"container\">\n\t\t\t\t\t<div class=\"e-con-inner\">\n\t\t<div class=\"elementor-element elementor-element-58f0e1a e-flex e-con-boxed e-con e-child\" data-id=\"58f0e1a\" data-element_type=\"container\" data-e-type=\"container\">\n\t\t\t\t\t<div class=\"e-con-inner\">\n\t\t\t\t<div class=\"elementor-element elementor-element-718269d elementor-widget elementor-widget-heading\" data-id=\"718269d\" data-element_type=\"widget\" data-e-type=\"widget\" data-widget_type=\"heading.default\">\n\t\t\t\t<div class=\"elementor-widget-container\">\n\t\t\t\t\t<h2 class=\"elementor-heading-title elementor-size-default\">Calma<\/h2>\t\t\t\t<\/div>\n\t\t\t\t<\/div>\n\t\t\t\t<div class=\"elementor-element elementor-element-a604c11 elementor-widget elementor-widget-text-editor\" data-id=\"a604c11\" data-element_type=\"widget\" data-e-type=\"widget\" data-widget_type=\"text-editor.default\">\n\t\t\t\t<div class=\"elementor-widget-container\">\n\t\t\t\t\t\t\t\t\t<p class=\"translation-block\">A timeless production by panpipe virtuoso Oscar Javelot and producer\/keyboardist Frank Steiner. <br>\nAn interplay of improvisation and musical thoughts born of the moment.\nTotal playing time: 60:50\nQuiet - Let time be - Listen and perceive - The sounds of precise simplicity - Let yourself into the spaces - Inside and outside - Feel - Peace.\n<br>\nText: Bettina Ankermann<\/p>\t\t\t\t\t\t\t\t<\/div>\n\t\t\t\t<\/div>\n\t\t<div class=\"elementor-element elementor-element-2da960e e-grid e-con-boxed e-con e-child\" data-id=\"2da960e\" data-element_type=\"container\" data-e-type=\"container\">\n\t\t\t\t\t<div class=\"e-con-inner\">\n\t\t<div class=\"elementor-element elementor-element-d7979c0 e-con-full e-flex e-con e-child\" data-id=\"d7979c0\" data-element_type=\"container\" data-e-type=\"container\">\n\t\t\t\t<div class=\"elementor-element elementor-element-95f998d elementor-widget elementor-widget-image\" data-id=\"95f998d\" data-element_type=\"widget\" data-e-type=\"widget\" data-widget_type=\"image.default\">\n\t\t\t\t<div class=\"elementor-widget-container\">\n\t\t\t\t\t\t\t\t\t\t\t\t\t\t\t\t<a href=\"https:\/\/music.apple.com\/us\/album\/calma\/1181843303\" target=\"_blank\" rel=\"noopener\">\n\t\t\t\t\t\t\t<img decoding=\"async\" width=\"200\" height=\"79\" src=\"https:\/\/franksteiner.de\/wp-content\/uploads\/2022\/01\/applemusic.png\" class=\"attachment-full size-full wp-image-50\" alt=\"\" title=\"\">\t\t\t\t\t\t\t\t<\/a>\n\t\t\t\t\t\t\t\t\t\t\t\t\t\t\t<\/div>\n\t\t\t\t<\/div>\n\t\t\t\t<\/div>\n\t\t<div class=\"elementor-element elementor-element-a24eb1c e-flex e-con-boxed e-con e-child\" data-id=\"a24eb1c\" data-element_type=\"container\" data-e-type=\"container\">\n\t\t\t\t\t<div class=\"e-con-inner\">\n\t\t\t\t<div class=\"elementor-element elementor-element-4d23d2f elementor-widget elementor-widget-image\" data-id=\"4d23d2f\" data-element_type=\"widget\" data-e-type=\"widget\" data-widget_type=\"image.default\">\n\t\t\t\t<div class=\"elementor-widget-container\">\n\t\t\t\t\t\t\t\t\t\t\t\t\t\t\t\t<a href=\"https:\/\/music.apple.com\/us\/album\/calma\/1181843303\" target=\"_blank\" rel=\"noopener\">\n\t\t\t\t\t\t\t<img decoding=\"async\" width=\"200\" height=\"79\" src=\"https:\/\/franksteiner.de\/wp-content\/uploads\/2022\/01\/i-tunes.png\" class=\"attachment-full size-full wp-image-53\" alt=\"\" title=\"\">\t\t\t\t\t\t\t\t<\/a>\n\t\t\t\t\t\t\t\t\t\t\t\t\t\t\t<\/div>\n\t\t\t\t<\/div>\n\t\t\t\t\t<\/div>\n\t\t\t\t<\/div>\n\t\t<div class=\"elementor-element elementor-element-929abef e-flex e-con-boxed e-con e-child\" data-id=\"929abef\" data-element_type=\"container\" data-e-type=\"container\">\n\t\t\t\t\t<div class=\"e-con-inner\">\n\t\t\t\t<div class=\"elementor-element elementor-element-2e1ba3e elementor-widget elementor-widget-image\" data-id=\"2e1ba3e\" data-element_type=\"widget\" data-e-type=\"widget\" data-widget_type=\"image.default\">\n\t\t\t\t<div class=\"elementor-widget-container\">\n\t\t\t\t\t\t\t\t\t\t\t\t\t\t\t\t<a href=\"https:\/\/open.spotify.com\/intl-de\/album\/651sCxUXoiJlpwsilpUC46?si=yskEQsSCRvqglDlnAkyPVQ\" target=\"_blank\" rel=\"noopener\">\n\t\t\t\t\t\t\t<img loading=\"lazy\" decoding=\"async\" width=\"200\" height=\"79\" src=\"https:\/\/franksteiner.de\/wp-content\/uploads\/2022\/01\/Spotify.png\" class=\"attachment-full size-full wp-image-48\" alt=\"\" title=\"\">\t\t\t\t\t\t\t\t<\/a>\n\t\t\t\t\t\t\t\t\t\t\t\t\t\t\t<\/div>\n\t\t\t\t<\/div>\n\t\t\t\t\t<\/div>\n\t\t\t\t<\/div>\n\t\t<div class=\"elementor-element elementor-element-65a9e9b e-flex e-con-boxed e-con e-child\" data-id=\"65a9e9b\" data-element_type=\"container\" data-e-type=\"container\">\n\t\t\t\t\t<div class=\"e-con-inner\">\n\t\t\t\t<div class=\"elementor-element elementor-element-4b3b3c0 elementor-widget elementor-widget-image\" data-id=\"4b3b3c0\" data-element_type=\"widget\" data-e-type=\"widget\" data-widget_type=\"image.default\">\n\t\t\t\t<div class=\"elementor-widget-container\">\n\t\t\t\t\t\t\t\t\t\t\t\t\t\t\t<img loading=\"lazy\" decoding=\"async\" width=\"200\" height=\"79\" src=\"https:\/\/franksteiner.de\/wp-content\/uploads\/2022\/01\/Tidal.png\" class=\"attachment-full size-full wp-image-56\" alt=\"\" title=\"\">\t\t\t\t\t\t\t\t\t\t\t\t\t\t\t<\/div>\n\t\t\t\t<\/div>\n\t\t\t\t\t<\/div>\n\t\t\t\t<\/div>\n\t\t<div class=\"elementor-element elementor-element-3fbf662 e-flex e-con-boxed e-con e-child\" data-id=\"3fbf662\" data-element_type=\"container\" data-e-type=\"container\">\n\t\t\t\t\t<div class=\"e-con-inner\">\n\t\t\t\t<div class=\"elementor-element elementor-element-5e5ce05 elementor-widget elementor-widget-image\" data-id=\"5e5ce05\" data-element_type=\"widget\" data-e-type=\"widget\" data-widget_type=\"image.default\">\n\t\t\t\t<div class=\"elementor-widget-container\">\n\t\t\t\t\t\t\t\t\t\t\t\t\t\t\t\t<a href=\"https:\/\/www.amazon.com\/Calma-Frank-Steiner-Oscar-Javelot\/dp\/B01NBAE5FQ\" target=\"_blank\" rel=\"noopener\">\n\t\t\t\t\t\t\t<img loading=\"lazy\" decoding=\"async\" width=\"200\" height=\"79\" src=\"https:\/\/franksteiner.de\/wp-content\/uploads\/2022\/01\/Amazonmusic.png\" class=\"attachment-full size-full wp-image-49\" alt=\"\" title=\"\">\t\t\t\t\t\t\t\t<\/a>\n\t\t\t\t\t\t\t\t\t\t\t\t\t\t\t<\/div>\n\t\t\t\t<\/div>\n\t\t\t\t\t<\/div>\n\t\t\t\t<\/div>\n\t\t<div class=\"elementor-element elementor-element-6064aa0 e-flex e-con-boxed e-con e-child\" data-id=\"6064aa0\" data-element_type=\"container\" data-e-type=\"container\">\n\t\t\t\t\t<div class=\"e-con-inner\">\n\t\t\t\t<div class=\"elementor-element elementor-element-321e081 elementor-widget elementor-widget-image\" data-id=\"321e081\" data-element_type=\"widget\" data-e-type=\"widget\" data-widget_type=\"image.default\">\n\t\t\t\t<div class=\"elementor-widget-container\">\n\t\t\t\t\t\t\t\t\t\t\t\t\t\t\t\t<a href=\"https:\/\/www.deezer.com\/en\/playlist\/3919772822\" target=\"_blank\" rel=\"noopener\">\n\t\t\t\t\t\t\t<img loading=\"lazy\" decoding=\"async\" width=\"200\" height=\"79\" src=\"https:\/\/franksteiner.de\/wp-content\/uploads\/2022\/01\/Deezer.png\" class=\"attachment-full size-full wp-image-51\" alt=\"\" title=\"\">\t\t\t\t\t\t\t\t<\/a>\n\t\t\t\t\t\t\t\t\t\t\t\t\t\t\t<\/div>\n\t\t\t\t<\/div>\n\t\t\t\t\t<\/div>\n\t\t\t\t<\/div>\n\t\t<div class=\"elementor-element elementor-element-fa98815 e-flex e-con-boxed e-con e-child\" data-id=\"fa98815\" data-element_type=\"container\" data-e-type=\"container\">\n\t\t\t\t\t<div class=\"e-con-inner\">\n\t\t\t\t<div class=\"elementor-element elementor-element-5476673 elementor-widget elementor-widget-image\" data-id=\"5476673\" data-element_type=\"widget\" data-e-type=\"widget\" data-widget_type=\"image.default\">\n\t\t\t\t<div class=\"elementor-widget-container\">\n\t\t\t\t\t\t\t\t\t\t\t\t\t\t\t<img loading=\"lazy\" decoding=\"async\" width=\"200\" height=\"79\" src=\"https:\/\/franksteiner.de\/wp-content\/uploads\/2022\/01\/napster.png\" class=\"attachment-full size-full wp-image-54\" alt=\"\" title=\"\">\t\t\t\t\t\t\t\t\t\t\t\t\t\t\t<\/div>\n\t\t\t\t<\/div>\n\t\t\t\t\t<\/div>\n\t\t\t\t<\/div>\n\t\t<div class=\"elementor-element elementor-element-2f3dff0 e-flex e-con-boxed e-con e-child\" data-id=\"2f3dff0\" data-element_type=\"container\" data-e-type=\"container\">\n\t\t\t\t\t<div class=\"e-con-inner\">\n\t\t\t\t<div class=\"elementor-element elementor-element-c824bb6 elementor-widget elementor-widget-image\" data-id=\"c824bb6\" data-element_type=\"widget\" data-e-type=\"widget\" data-widget_type=\"image.default\">\n\t\t\t\t<div class=\"elementor-widget-container\">\n\t\t\t\t\t\t\t\t\t\t\t\t\t\t\t<img loading=\"lazy\" decoding=\"async\" width=\"200\" height=\"79\" src=\"https:\/\/franksteiner.de\/wp-content\/uploads\/2022\/01\/Pandora.png\" class=\"attachment-full size-full wp-image-55\" alt=\"\" title=\"\">\t\t\t\t\t\t\t\t\t\t\t\t\t\t\t<\/div>\n\t\t\t\t<\/div>\n\t\t\t\t\t<\/div>\n\t\t\t\t<\/div>\n\t\t\t\t\t<\/div>\n\t\t\t\t<\/div>\n\t\t\t\t\t<\/div>\n\t\t\t\t<\/div>\n\t\t<div class=\"elementor-element elementor-element-bc6cc6b e-flex e-con-boxed e-con e-child\" data-id=\"bc6cc6b\" data-element_type=\"container\" data-e-type=\"container\">\n\t\t\t\t\t<div class=\"e-con-inner\">\n\t\t<div class=\"elementor-element elementor-element-862a47b e-con-full e-flex e-con e-child\" data-id=\"862a47b\" data-element_type=\"container\" data-e-type=\"container\">\n\t\t\t\t<div class=\"elementor-element elementor-element-d513415 elementor-widget elementor-widget-button\" data-id=\"d513415\" data-element_type=\"widget\" data-e-type=\"widget\" data-widget_type=\"button.default\">\n\t\t\t\t<div class=\"elementor-widget-container\">\n\t\t\t\t\t\t\t\t\t<div class=\"elementor-button-wrapper\">\n\t\t\t\t\t<a class=\"elementor-button elementor-button-link elementor-size-sm\" href=\"https:\/\/franksteiner.de\/en?add-to-cart=936&#038;quantity=1&#038;e-redirect=https:\/\/franksteiner.de\/en\/product\/calma\/\" id=\"calma\">\n\t\t\t\t\t\t<span class=\"elementor-button-content-wrapper\">\n\t\t\t\t\t\t<span class=\"elementor-button-icon\">\n\t\t\t\t<i aria-hidden=\"true\" class=\"fas fa-cart-arrow-down\"><\/i>\t\t\t<\/span>\n\t\t\t\t\t\t\t\t\t<span class=\"elementor-button-text\">add CD to cart  | <del aria-hidden=\"true\"><span class=\"woocommerce-Price-amount amount\">25,00&nbsp;<span class=\"woocommerce-Price-currencySymbol\">&euro;<\/span><\/span><\/del> <span class=\"screen-reader-text\" data-no-translation=\"\" data-trp-gettext=\"\">Original price was: 25,00&nbsp;&euro;.<\/span><ins aria-hidden=\"true\"><span class=\"woocommerce-Price-amount amount\">15,00&nbsp;<span class=\"woocommerce-Price-currencySymbol\">&euro;<\/span><\/span><\/ins><span class=\"screen-reader-text\" data-no-translation=\"\" data-trp-gettext=\"\">Current price is: 15,00&nbsp;&euro;.<\/span><\/span>\n\t\t\t\t\t<\/span>\n\t\t\t\t\t<\/a>\n\t\t\t\t<\/div>\n\t\t\t\t\t\t\t\t<\/div>\n\t\t\t\t<\/div>\n\t\t\t\t<\/div>\n\t\t\t\t<div class=\"elementor-element elementor-element-5cc2c65 elementor-widget elementor-widget-html\" data-id=\"5cc2c65\" data-element_type=\"widget\" data-e-type=\"widget\" data-widget_type=\"html.default\">\n\t\t\t\t<div class=\"elementor-widget-container\">\n\t\t\t\t\t<iframe width=\"100%\" height=\"450\" scrolling=\"no\" frameborder=\"no\" allow=\"autoplay\" src=\"https:\/\/w.soundcloud.com\/player\/?url=https%3A\/\/api.soundcloud.com\/playlists\/76202016&color=%23ff5500&auto_play=false&hide_related=false&show_comments=true&show_user=true&show_reposts=false&show_teaser=true\"><\/iframe><div style=\"font-size: 10px; color: #cccccc;line-break: anywhere;word-break: normal;overflow: hidden;white-space: nowrap;text-overflow: ellipsis; font-family: Interstate,Lucida Grande,Lucida Sans Unicode,Lucida Sans,Garuda,Verdana,Tahoma,sans-serif;font-weight: 100;\"><a href=\"https:\/\/soundcloud.com\/frank-steiner\" title=\"Frank Steiner jr.\" target=\"_blank\" style=\"color: #cccccc; text-decoration: none;\" rel=\"noopener\">Frank Steiner jr.<\/a> \u00b7 <a href=\"https:\/\/soundcloud.com\/frank-steiner\/sets\/calma-by-frank-steiner-oscar-javelot\" title=\"Calma by Frank Steiner &amp; Oscar Javelot\" target=\"_blank\" style=\"color: #cccccc; text-decoration: none;\" rel=\"noopener\">Calma by Frank Steiner &amp; Oscar Javelot<\/a><\/div>\t\t\t\t<\/div>\n\t\t\t\t<\/div>\n\t\t\t\t\t<\/div>\n\t\t\t\t<\/div>\n\t\t\t\t\t<\/div>\n\t\t\t\t<\/div>\n\t\t\t\t\t<\/div>\n\t\t\t\t<\/div>\n\t\t<div class=\"elementor-element elementor-element-98bbece e-grid e-con-boxed e-con e-child\" data-id=\"98bbece\" data-element_type=\"container\" data-e-type=\"container\">\n\t\t\t\t\t<div class=\"e-con-inner\">\n\t\t\t\t<div class=\"elementor-element elementor-element-9b0c232 elementor-widget elementor-widget-image\" data-id=\"9b0c232\" data-element_type=\"widget\" data-e-type=\"widget\" data-widget_type=\"image.default\">\n\t\t\t\t<div class=\"elementor-widget-container\">\n\t\t\t\t\t\t\t\t\t\t\t\t\t\t\t\t<a href=\"\/en\/natura\/\">\n\t\t\t\t\t\t\t<img loading=\"lazy\" decoding=\"async\" width=\"800\" height=\"800\" src=\"https:\/\/franksteiner.de\/wp-content\/uploads\/2024\/09\/2391959068-1024x1024.jpg\" class=\"attachment-large size-large wp-image-945\" alt=\"\" srcset=\"https:\/\/franksteiner.de\/wp-content\/uploads\/2024\/09\/2391959068-1024x1024.jpg 1024w, https:\/\/franksteiner.de\/wp-content\/uploads\/2024\/09\/2391959068-300x300.jpg 300w, https:\/\/franksteiner.de\/wp-content\/uploads\/2024\/09\/2391959068-150x150.jpg 150w, https:\/\/franksteiner.de\/wp-content\/uploads\/2024\/09\/2391959068-768x768.jpg 768w, https:\/\/franksteiner.de\/wp-content\/uploads\/2024\/09\/2391959068-12x12.jpg 12w, https:\/\/franksteiner.de\/wp-content\/uploads\/2024\/09\/2391959068-600x600.jpg 600w, https:\/\/franksteiner.de\/wp-content\/uploads\/2024\/09\/2391959068-100x100.jpg 100w, https:\/\/franksteiner.de\/wp-content\/uploads\/2024\/09\/2391959068.jpg 1200w\" sizes=\"(max-width: 800px) 100vw, 800px\" title=\"\">\t\t\t\t\t\t\t\t<\/a>\n\t\t\t\t\t\t\t\t\t\t\t\t\t\t\t<\/div>\n\t\t\t\t<\/div>\n\t\t\t\t<div class=\"elementor-element elementor-element-b7f52d7 elementor-widget elementor-widget-image\" data-id=\"b7f52d7\" data-element_type=\"widget\" data-e-type=\"widget\" data-widget_type=\"image.default\">\n\t\t\t\t<div class=\"elementor-widget-container\">\n\t\t\t\t\t\t\t\t\t\t\t\t\t\t\t\t<a href=\"\/en\/momentum\/\">\n\t\t\t\t\t\t\t<img loading=\"lazy\" decoding=\"async\" width=\"600\" height=\"600\" src=\"https:\/\/franksteiner.de\/wp-content\/uploads\/2024\/09\/284352580.jpg\" class=\"attachment-large size-large wp-image-943\" alt=\"\" srcset=\"https:\/\/franksteiner.de\/wp-content\/uploads\/2024\/09\/284352580.jpg 600w, https:\/\/franksteiner.de\/wp-content\/uploads\/2024\/09\/284352580-300x300.jpg 300w, https:\/\/franksteiner.de\/wp-content\/uploads\/2024\/09\/284352580-150x150.jpg 150w, https:\/\/franksteiner.de\/wp-content\/uploads\/2024\/09\/284352580-12x12.jpg 12w, https:\/\/franksteiner.de\/wp-content\/uploads\/2024\/09\/284352580-100x100.jpg 100w\" sizes=\"(max-width: 600px) 100vw, 600px\" title=\"\">\t\t\t\t\t\t\t\t<\/a>\n\t\t\t\t\t\t\t\t\t\t\t\t\t\t\t<\/div>\n\t\t\t\t<\/div>\n\t\t\t\t<div class=\"elementor-element elementor-element-25f23e1 elementor-widget elementor-widget-image\" data-id=\"25f23e1\" data-element_type=\"widget\" data-e-type=\"widget\" data-widget_type=\"image.default\">\n\t\t\t\t<div class=\"elementor-widget-container\">\n\t\t\t\t\t\t\t\t\t\t\t\t\t\t\t\t<a href=\"\/en\/intoforever\/\">\n\t\t\t\t\t\t\t<img loading=\"lazy\" decoding=\"async\" width=\"500\" height=\"500\" src=\"https:\/\/franksteiner.de\/wp-content\/uploads\/2024\/09\/257619528.jpg\" class=\"attachment-large size-large wp-image-941\" alt=\"\" srcset=\"https:\/\/franksteiner.de\/wp-content\/uploads\/2024\/09\/257619528.jpg 500w, https:\/\/franksteiner.de\/wp-content\/uploads\/2024\/09\/257619528-300x300.jpg 300w, https:\/\/franksteiner.de\/wp-content\/uploads\/2024\/09\/257619528-150x150.jpg 150w, https:\/\/franksteiner.de\/wp-content\/uploads\/2024\/09\/257619528-12x12.jpg 12w, https:\/\/franksteiner.de\/wp-content\/uploads\/2024\/09\/257619528-100x100.jpg 100w\" sizes=\"(max-width: 500px) 100vw, 500px\" title=\"\">\t\t\t\t\t\t\t\t<\/a>\n\t\t\t\t\t\t\t\t\t\t\t\t\t\t\t<\/div>\n\t\t\t\t<\/div>\n\t\t\t\t<div class=\"elementor-element elementor-element-59c7ed9 elementor-widget elementor-widget-image\" data-id=\"59c7ed9\" data-element_type=\"widget\" data-e-type=\"widget\" data-widget_type=\"image.default\">\n\t\t\t\t<div class=\"elementor-widget-container\">\n\t\t\t\t\t\t\t\t\t\t\t\t\t\t\t\t<a href=\"\/en\/touchingsilk\/\">\n\t\t\t\t\t\t\t<img loading=\"lazy\" decoding=\"async\" width=\"600\" height=\"600\" src=\"https:\/\/franksteiner.de\/wp-content\/uploads\/2024\/09\/257619549.jpg\" class=\"attachment-large size-large wp-image-949\" alt=\"\" srcset=\"https:\/\/franksteiner.de\/wp-content\/uploads\/2024\/09\/257619549.jpg 600w, https:\/\/franksteiner.de\/wp-content\/uploads\/2024\/09\/257619549-300x300.jpg 300w, https:\/\/franksteiner.de\/wp-content\/uploads\/2024\/09\/257619549-150x150.jpg 150w, https:\/\/franksteiner.de\/wp-content\/uploads\/2024\/09\/257619549-12x12.jpg 12w, https:\/\/franksteiner.de\/wp-content\/uploads\/2024\/09\/257619549-100x100.jpg 100w\" sizes=\"(max-width: 600px) 100vw, 600px\" title=\"\">\t\t\t\t\t\t\t\t<\/a>\n\t\t\t\t\t\t\t\t\t\t\t\t\t\t\t<\/div>\n\t\t\t\t<\/div>\n\t\t\t\t<div class=\"elementor-element elementor-element-b7e6239 elementor-widget elementor-widget-image\" data-id=\"b7e6239\" data-element_type=\"widget\" data-e-type=\"widget\" data-widget_type=\"image.default\">\n\t\t\t\t<div class=\"elementor-widget-container\">\n\t\t\t\t\t\t\t\t\t\t\t\t\t\t\t\t<a href=\"\/en\/iging\/\">\n\t\t\t\t\t\t\t<img loading=\"lazy\" decoding=\"async\" width=\"600\" height=\"600\" src=\"https:\/\/franksteiner.de\/wp-content\/uploads\/2024\/09\/257619543.jpg\" class=\"attachment-large size-large wp-image-939\" alt=\"\" srcset=\"https:\/\/franksteiner.de\/wp-content\/uploads\/2024\/09\/257619543.jpg 600w, https:\/\/franksteiner.de\/wp-content\/uploads\/2024\/09\/257619543-300x300.jpg 300w, https:\/\/franksteiner.de\/wp-content\/uploads\/2024\/09\/257619543-150x150.jpg 150w, https:\/\/franksteiner.de\/wp-content\/uploads\/2024\/09\/257619543-12x12.jpg 12w, https:\/\/franksteiner.de\/wp-content\/uploads\/2024\/09\/257619543-100x100.jpg 100w\" sizes=\"(max-width: 600px) 100vw, 600px\" title=\"\">\t\t\t\t\t\t\t\t<\/a>\n\t\t\t\t\t\t\t\t\t\t\t\t\t\t\t<\/div>\n\t\t\t\t<\/div>\n\t\t\t\t<div class=\"elementor-element elementor-element-1c204be elementor-widget elementor-widget-image\" data-id=\"1c204be\" data-element_type=\"widget\" data-e-type=\"widget\" data-widget_type=\"image.default\">\n\t\t\t\t<div class=\"elementor-widget-container\">\n\t\t\t\t\t\t\t\t\t\t\t\t\t\t\t\t<a href=\"\/en\/calma\/\">\n\t\t\t\t\t\t\t<img loading=\"lazy\" decoding=\"async\" width=\"600\" height=\"600\" src=\"https:\/\/franksteiner.de\/wp-content\/uploads\/2024\/09\/257619536.jpg\" class=\"attachment-large size-large wp-image-937\" alt=\"\" srcset=\"https:\/\/franksteiner.de\/wp-content\/uploads\/2024\/09\/257619536.jpg 600w, https:\/\/franksteiner.de\/wp-content\/uploads\/2024\/09\/257619536-300x300.jpg 300w, https:\/\/franksteiner.de\/wp-content\/uploads\/2024\/09\/257619536-150x150.jpg 150w, https:\/\/franksteiner.de\/wp-content\/uploads\/2024\/09\/257619536-12x12.jpg 12w, https:\/\/franksteiner.de\/wp-content\/uploads\/2024\/09\/257619536-100x100.jpg 100w\" sizes=\"(max-width: 600px) 100vw, 600px\" title=\"\">\t\t\t\t\t\t\t\t<\/a>\n\t\t\t\t\t\t\t\t\t\t\t\t\t\t\t<\/div>\n\t\t\t\t<\/div>\n\t\t\t\t\t<\/div>\n\t\t\t\t<\/div>\n\t\t\t\t\t<\/div>\n\t\t\t\t<\/div>\n\t\t\t\t<\/div>","protected":false},"excerpt":{"rendered":"<p>Calma Eine zeitlose Produktion von Panfl\u00f6tenvirtuose\u00a0Oscar Javelot\u00a0und Produzent \/ Keyboarder\u00a0Frank Steiner.\u00a0Ein Zusammenpiel von Improvisationen und musikalischen Gedanken aus dem Augenblick geboren.Gesamtspielzeit: 60:50Ruhe &#8211; Die Zeit sein lassen &#8211; H\u00f6ren und Wahrnehmen &#8211; Die Kl\u00e4nge der pr\u00e4zisen Einfachheit &#8211; Sie einlassen in die R\u00e4ume &#8211; Innen und Au\u00dfen &#8211; F\u00fchlen \u2013 Ruhe.Text: Bettina Ankermann Frank Steiner [&hellip;]<\/p>\n","protected":false},"author":1,"featured_media":0,"parent":0,"menu_order":0,"comment_status":"closed","ping_status":"closed","template":"elementor_header_footer","meta":{"footnotes":""},"class_list":["post-1356","page","type-page","status-publish","hentry"],"jetpack_sharing_enabled":true,"_links":{"self":[{"href":"https:\/\/franksteiner.de\/en\/wp-json\/wp\/v2\/pages\/1356","targetHints":{"allow":["GET"]}}],"collection":[{"href":"https:\/\/franksteiner.de\/en\/wp-json\/wp\/v2\/pages"}],"about":[{"href":"https:\/\/franksteiner.de\/en\/wp-json\/wp\/v2\/types\/page"}],"author":[{"embeddable":true,"href":"https:\/\/franksteiner.de\/en\/wp-json\/wp\/v2\/users\/1"}],"replies":[{"embeddable":true,"href":"https:\/\/franksteiner.de\/en\/wp-json\/wp\/v2\/comments?post=1356"}],"version-history":[{"count":0,"href":"https:\/\/franksteiner.de\/en\/wp-json\/wp\/v2\/pages\/1356\/revisions"}],"wp:attachment":[{"href":"https:\/\/franksteiner.de\/en\/wp-json\/wp\/v2\/media?parent=1356"}],"curies":[{"name":"wp","href":"https:\/\/api.w.org\/{rel}","templated":true}]}}